{"id":2813,"date":"2023-11-20T10:46:31","date_gmt":"2023-11-20T10:46:31","guid":{"rendered":"https:\/\/wfg-nf.de\/hold\/"},"modified":"2025-08-04T07:52:46","modified_gmt":"2025-08-04T07:52:46","slug":"hold","status":"publish","type":"page","link":"https:\/\/wfg-nf.de\/da\/om-os\/hold\/","title":{"rendered":"Hold"},"content":{"rendered":"","protected":false},"excerpt":{"rendered":"","protected":false},"author":1,"featured_media":0,"parent":2868,"menu_order":0,"comment_status":"closed","ping_status":"closed","template":"","meta":{"_acf_changed":false,"footnotes":""},"class_list":["post-2813","page","type-page","status-publish","hentry"],"acf":[],"yoast_head":"<!-- This site is optimized with the Yoast SEO plugin v27.3 - https:\/\/yoast.com\/product\/yoast-seo-wordpress\/ -->\n<title>Teamet fra \u00f8konomiske udviklingsagentur WFG-NF<\/title>\n<meta name=\"description\" content=\"L\u00e6r det dedikerede team hos Wirtschaftsf\u00f6rderung Nordfriesland at kende, og find ud af, hvordan vi kan hj\u00e6lpe dig.\" \/>\n<meta name=\"robots\" content=\"index, follow, max-snippet:-1, max-image-preview:large, max-video-preview:-1\" \/>\n<link rel=\"canonical\" href=\"https:\/\/wfg-nf.de\/da\/om-os\/hold\/\" \/>\n<meta property=\"og:locale\" content=\"da_DK\" \/>\n<meta property=\"og:type\" content=\"article\" \/>\n<meta property=\"og:title\" content=\"Teamet fra \u00f8konomiske udviklingsagentur WFG-NF\" \/>\n<meta property=\"og:description\" content=\"L\u00e6r det dedikerede team hos Wirtschaftsf\u00f6rderung Nordfriesland at kende, og find ud af, hvordan vi kan hj\u00e6lpe dig.\" \/>\n<meta property=\"og:url\" content=\"https:\/\/wfg-nf.de\/da\/om-os\/hold\/\" \/>\n<meta property=\"og:site_name\" content=\"WFG-NF\" \/>\n<meta property=\"article:publisher\" content=\"https:\/\/www.facebook.com\/WFGNF\" \/>\n<meta property=\"article:modified_time\" content=\"2025-08-04T07:52:46+00:00\" \/>\n<meta property=\"og:image\" content=\"https:\/\/wfg-nf.de\/wp-content\/uploads\/og-image.jpg\" \/>\n\t<meta property=\"og:image:width\" content=\"1200\" \/>\n\t<meta property=\"og:image:height\" content=\"630\" \/>\n\t<meta property=\"og:image:type\" content=\"image\/jpeg\" \/>\n<meta name=\"twitter:card\" content=\"summary_large_image\" \/>\n<meta name=\"twitter:site\" content=\"@WNordfriesland\" \/>\n<script type=\"application\/ld+json\" class=\"yoast-schema-graph\">{\"@context\":\"https:\\\/\\\/schema.org\",\"@graph\":[{\"@type\":\"WebPage\",\"@id\":\"https:\\\/\\\/wfg-nf.de\\\/da\\\/om-os\\\/hold\\\/\",\"url\":\"https:\\\/\\\/wfg-nf.de\\\/da\\\/om-os\\\/hold\\\/\",\"name\":\"Teamet fra \u00f8konomiske udviklingsagentur WFG-NF\",\"isPartOf\":{\"@id\":\"https:\\\/\\\/wfg-nf.de\\\/da\\\/#website\"},\"datePublished\":\"2023-11-20T10:46:31+00:00\",\"dateModified\":\"2025-08-04T07:52:46+00:00\",\"description\":\"L\u00e6r det dedikerede team hos Wirtschaftsf\u00f6rderung Nordfriesland at kende, og find ud af, hvordan vi kan hj\u00e6lpe dig.\",\"breadcrumb\":{\"@id\":\"https:\\\/\\\/wfg-nf.de\\\/da\\\/om-os\\\/hold\\\/#breadcrumb\"},\"inLanguage\":\"da-DK\",\"potentialAction\":[{\"@type\":\"ReadAction\",\"target\":[\"https:\\\/\\\/wfg-nf.de\\\/da\\\/om-os\\\/hold\\\/\"]}]},{\"@type\":\"BreadcrumbList\",\"@id\":\"https:\\\/\\\/wfg-nf.de\\\/da\\\/om-os\\\/hold\\\/#breadcrumb\",\"itemListElement\":[{\"@type\":\"ListItem\",\"position\":1,\"name\":\"Startside\",\"item\":\"https:\\\/\\\/wfg-nf.de\\\/da\\\/\"},{\"@type\":\"ListItem\",\"position\":2,\"name\":\"Om os\",\"item\":\"https:\\\/\\\/wfg-nf.de\\\/da\\\/ueber-uns\\\/\"},{\"@type\":\"ListItem\",\"position\":3,\"name\":\"Hold\"}]},{\"@type\":\"WebSite\",\"@id\":\"https:\\\/\\\/wfg-nf.de\\\/da\\\/#website\",\"url\":\"https:\\\/\\\/wfg-nf.de\\\/da\\\/\",\"name\":\"Wirtschaftsf\u00f6rderung Nordfriesland\",\"description\":\"\",\"publisher\":{\"@id\":\"https:\\\/\\\/wfg-nf.de\\\/da\\\/#organization\"},\"potentialAction\":[{\"@type\":\"SearchAction\",\"target\":{\"@type\":\"EntryPoint\",\"urlTemplate\":\"https:\\\/\\\/wfg-nf.de\\\/da\\\/?s={search_term_string}\"},\"query-input\":{\"@type\":\"PropertyValueSpecification\",\"valueRequired\":true,\"valueName\":\"search_term_string\"}}],\"inLanguage\":\"da-DK\"},{\"@type\":\"Organization\",\"@id\":\"https:\\\/\\\/wfg-nf.de\\\/da\\\/#organization\",\"name\":\"Wirtschaftsf\u00f6rderung Nordfriesland\",\"url\":\"https:\\\/\\\/wfg-nf.de\\\/da\\\/\",\"logo\":{\"@type\":\"ImageObject\",\"inLanguage\":\"da-DK\",\"@id\":\"https:\\\/\\\/wfg-nf.de\\\/da\\\/#\\\/schema\\\/logo\\\/image\\\/\",\"url\":\"https:\\\/\\\/wfg-nf.de\\\/wp-content\\\/uploads\\\/WFG_Logo_2-farbig.svg\",\"contentUrl\":\"https:\\\/\\\/wfg-nf.de\\\/wp-content\\\/uploads\\\/WFG_Logo_2-farbig.svg\",\"width\":\"1024\",\"height\":\"1024\",\"caption\":\"Wirtschaftsf\u00f6rderung Nordfriesland\"},\"image\":{\"@id\":\"https:\\\/\\\/wfg-nf.de\\\/da\\\/#\\\/schema\\\/logo\\\/image\\\/\"},\"sameAs\":[\"https:\\\/\\\/www.facebook.com\\\/WFGNF\",\"https:\\\/\\\/x.com\\\/WNordfriesland\",\"https:\\\/\\\/www.linkedin.com\\\/company\\\/wirtschaftsfrderung-nordfriesland\\\/\",\"https:\\\/\\\/www.instagram.com\\\/wfg_nordfriesland\\\/\",\"https:\\\/\\\/www.youtube.com\\\/channel\\\/UC0qGgq0MY-jsbYouCNeqpMg\"]}]}<\/script>\n<!-- \/ Yoast SEO plugin. -->","yoast_head_json":{"title":"Teamet fra \u00f8konomiske udviklingsagentur WFG-NF","description":"L\u00e6r det dedikerede team hos Wirtschaftsf\u00f6rderung Nordfriesland at kende, og find ud af, hvordan vi kan hj\u00e6lpe dig.","robots":{"index":"index","follow":"follow","max-snippet":"max-snippet:-1","max-image-preview":"max-image-preview:large","max-video-preview":"max-video-preview:-1"},"canonical":"https:\/\/wfg-nf.de\/da\/om-os\/hold\/","og_locale":"da_DK","og_type":"article","og_title":"Teamet fra \u00f8konomiske udviklingsagentur WFG-NF","og_description":"L\u00e6r det dedikerede team hos Wirtschaftsf\u00f6rderung Nordfriesland at kende, og find ud af, hvordan vi kan hj\u00e6lpe dig.","og_url":"https:\/\/wfg-nf.de\/da\/om-os\/hold\/","og_site_name":"WFG-NF","article_publisher":"https:\/\/www.facebook.com\/WFGNF","article_modified_time":"2025-08-04T07:52:46+00:00","og_image":[{"width":1200,"height":630,"url":"https:\/\/wfg-nf.de\/wp-content\/uploads\/og-image.jpg","type":"image\/jpeg"}],"twitter_card":"summary_large_image","twitter_site":"@WNordfriesland","schema":{"@context":"https:\/\/schema.org","@graph":[{"@type":"WebPage","@id":"https:\/\/wfg-nf.de\/da\/om-os\/hold\/","url":"https:\/\/wfg-nf.de\/da\/om-os\/hold\/","name":"Teamet fra \u00f8konomiske udviklingsagentur WFG-NF","isPartOf":{"@id":"https:\/\/wfg-nf.de\/da\/#website"},"datePublished":"2023-11-20T10:46:31+00:00","dateModified":"2025-08-04T07:52:46+00:00","description":"L\u00e6r det dedikerede team hos Wirtschaftsf\u00f6rderung Nordfriesland at kende, og find ud af, hvordan vi kan hj\u00e6lpe dig.","breadcrumb":{"@id":"https:\/\/wfg-nf.de\/da\/om-os\/hold\/#breadcrumb"},"inLanguage":"da-DK","potentialAction":[{"@type":"ReadAction","target":["https:\/\/wfg-nf.de\/da\/om-os\/hold\/"]}]},{"@type":"BreadcrumbList","@id":"https:\/\/wfg-nf.de\/da\/om-os\/hold\/#breadcrumb","itemListElement":[{"@type":"ListItem","position":1,"name":"Startside","item":"https:\/\/wfg-nf.de\/da\/"},{"@type":"ListItem","position":2,"name":"Om os","item":"https:\/\/wfg-nf.de\/da\/ueber-uns\/"},{"@type":"ListItem","position":3,"name":"Hold"}]},{"@type":"WebSite","@id":"https:\/\/wfg-nf.de\/da\/#website","url":"https:\/\/wfg-nf.de\/da\/","name":"Wirtschaftsf\u00f6rderung Nordfriesland","description":"","publisher":{"@id":"https:\/\/wfg-nf.de\/da\/#organization"},"potentialAction":[{"@type":"SearchAction","target":{"@type":"EntryPoint","urlTemplate":"https:\/\/wfg-nf.de\/da\/?s={search_term_string}"},"query-input":{"@type":"PropertyValueSpecification","valueRequired":true,"valueName":"search_term_string"}}],"inLanguage":"da-DK"},{"@type":"Organization","@id":"https:\/\/wfg-nf.de\/da\/#organization","name":"Wirtschaftsf\u00f6rderung Nordfriesland","url":"https:\/\/wfg-nf.de\/da\/","logo":{"@type":"ImageObject","inLanguage":"da-DK","@id":"https:\/\/wfg-nf.de\/da\/#\/schema\/logo\/image\/","url":"https:\/\/wfg-nf.de\/wp-content\/uploads\/WFG_Logo_2-farbig.svg","contentUrl":"https:\/\/wfg-nf.de\/wp-content\/uploads\/WFG_Logo_2-farbig.svg","width":"1024","height":"1024","caption":"Wirtschaftsf\u00f6rderung Nordfriesland"},"image":{"@id":"https:\/\/wfg-nf.de\/da\/#\/schema\/logo\/image\/"},"sameAs":["https:\/\/www.facebook.com\/WFGNF","https:\/\/x.com\/WNordfriesland","https:\/\/www.linkedin.com\/company\/wirtschaftsfrderung-nordfriesland\/","https:\/\/www.instagram.com\/wfg_nordfriesland\/","https:\/\/www.youtube.com\/channel\/UC0qGgq0MY-jsbYouCNeqpMg"]}]}},"_links":{"self":[{"href":"https:\/\/wfg-nf.de\/da\/wp-json\/wp\/v2\/pages\/2813","targetHints":{"allow":["GET"]}}],"collection":[{"href":"https:\/\/wfg-nf.de\/da\/wp-json\/wp\/v2\/pages"}],"about":[{"href":"https:\/\/wfg-nf.de\/da\/wp-json\/wp\/v2\/types\/page"}],"author":[{"embeddable":true,"href":"https:\/\/wfg-nf.de\/da\/wp-json\/wp\/v2\/users\/1"}],"replies":[{"embeddable":true,"href":"https:\/\/wfg-nf.de\/da\/wp-json\/wp\/v2\/comments?post=2813"}],"version-history":[{"count":1,"href":"https:\/\/wfg-nf.de\/da\/wp-json\/wp\/v2\/pages\/2813\/revisions"}],"predecessor-version":[{"id":2870,"href":"https:\/\/wfg-nf.de\/da\/wp-json\/wp\/v2\/pages\/2813\/revisions\/2870"}],"up":[{"embeddable":true,"href":"https:\/\/wfg-nf.de\/da\/wp-json\/wp\/v2\/pages\/2868"}],"wp:attachment":[{"href":"https:\/\/wfg-nf.de\/da\/wp-json\/wp\/v2\/media?parent=2813"}],"curies":[{"name":"wp","href":"https:\/\/api.w.org\/{rel}","templated":true}]}}